{"id":120,"date":"2015-04-24T21:18:12","date_gmt":"2015-04-24T19:18:12","guid":{"rendered":"http:\/\/www.marekamirka.sk\/?page_id=120"},"modified":"2017-01-05T12:14:06","modified_gmt":"2017-01-05T10:14:06","slug":"kedy-a-kde","status":"publish","type":"page","link":"http:\/\/www.marekamirka.sk\/?page_id=120","title":{"rendered":"Praktick\u00e9 info"},"content":{"rendered":"<h2>Obrad<\/h2>\n<p><span style=\"line-height: 1.5;\">Pre n\u00e1\u0161 svadobn\u00fd obrad sme si vybrali Farsk\u00fd kostol sv. Mat\u00fa\u0161a v Tren\u010dianskej Teplej (<a href=\"https:\/\/www.google.sk\/maps\/place\/Kostol+sv.+Mat%C3%BA%C5%A1a\/@48.932593,18.118424,18z\/data=!3m1!4b1!4m2!3m1!1s0x0000000000000000:0x509cc0be0864beaf?hl=sk\" target=\"_blank\">mapa<\/a>).\u00a0Hostina bude pokra\u010dova\u0165 ne\u010faleko v rezorte Twistovo (<a href=\"https:\/\/www.google.sk\/maps\/@48.9139742,18.1418637,782m\/data=!3m1!1e3?hl=sk\" target=\"_blank\">mapa<\/a>). Parkovisko je priamo v are\u00e1li.<\/span><\/p>\n<p>Pred obradom sa streneme na odobierke o 14:00 v Twistove. Autobus pre host\u00ed a Marekov\u00fdch fan\u00fa\u0161ikov z Neporadze vyraz\u00ed cca o 13:15-13:30 od \u017een\u00edchovho domu cez Mote\u0161ice. N\u00e1sledne bude zabezpe\u010den\u00fd aj odvoz do kostola a z kostola.<\/p>\n<h2>Ubytovanie<\/h2>\n<p>Ubytovanie je zabezpe\u010den\u00e9 priamo v are\u00e1li, bli\u017e\u0161ie info a nejak\u00e9 fotky n\u00e1jdete na <a href=\"http:\/\/www.oliwa.sk\/ubytovanie\/oliwa-resort-ubytovanie-v-prirode-sluzby-relax\" target=\"_blank\">str\u00e1nkach Oliwy<\/a>. Budeme radi, ak prijmete na\u0161e pozvanie na nede\u013en\u00e9 ra\u0148ajky. Pros\u00edme V\u00e1s v\u0161ak, aby ste n\u00e1s informovali najnesk\u00f4r t\u00fd\u017ede\u0148 vopred, \u010di ste sa rozhodli pre ubytovanie v Twistove.<\/p>\n<h2>Foto &amp; video<\/h2>\n<p>Budeme radi, ak z na\u0161ej svadby bude ve\u013ea fotiek, ktor\u00e9 za n\u00e1s urob\u00edte:). Po\u010das obradu v kostole v\u00e1s ale pros\u00edme, aby ste nechali foti\u0165 len na\u0161u fotografku <a href=\"http:\/\/evanovanska.blogspot.sk\/\" target=\"_blank\">Evku<\/a>.<\/p>\n<h2>Doprava<\/h2>\n<p>Samotn\u00fd are\u00e1l je umiesten\u00fd v lese, pr\u00edstupn\u00fd z cesty 516 ved\u00facej z Tren\u010dianskej Teplej do Tren\u010dianskych Tepl\u00edc, ktor\u00fdch n\u00e1v\u0161tevu odpor\u00fa\u010dame nielen kv\u00f4li Elektre:).<\/p>\n<p>Pre dopravu autom je najlep\u0161ie pou\u017ei\u0165 dia\u013eni\u010dn\u00fd zjazd Nem\u0161ov\u00e1\/Dubnica nad V\u00e1hom a \u00eds\u0165 \u010falej smerom Tren\u010dianska Tepl\u00e1 -&gt; Tren\u010dianske Teplice. Asi kilometer za Tren\u010dianskou Teplou je nen\u00e1padn\u00e1 odbo\u010dka vpravo ozna\u010den\u00e1 \u0161\u00edpkou &#8222;Twistovo\/Oliwa&#8220;. Po nej je to u\u017e len p\u00e1r sto metrov.<\/p>\n<p><a href=\"http:\/\/www.marekamirka.sk\/wp-content\/uploads\/2015\/04\/odbocka_twistovo-e1434368067394.jpg\"><img loading=\"lazy\" decoding=\"async\" class=\"alignnone size-medium wp-image-167\" src=\"http:\/\/www.marekamirka.sk\/wp-content\/uploads\/2015\/04\/odbocka_twistovo-300x129.jpg\" alt=\"odbocka_twistovo\" width=\"300\" height=\"129\" \/><\/a><\/p>\n<p>Ak cestujete vlakom\/autobusom, tak najlep\u0161ou vo\u013ebou je stanica Tren\u010dianska Tepl\u00e1. Len n\u00e1m zavolajte \u010das pr\u00edchodu a pok\u00fasime sa n\u00e1js\u0165 \u0161of\u00e9ra, ktor\u00fd V\u00e1s vyzdvihne.<\/p>\n<p>&nbsp;<\/p>\n<p>&nbsp;<\/p>\n<p>&nbsp;<\/p>\n<p>&nbsp;<\/p>\n<p>&nbsp;<\/p>\n","protected":false},"excerpt":{"rendered":"<p>Obrad Pre n\u00e1\u0161 svadobn\u00fd obrad sme si vybrali Farsk\u00fd kostol sv. Mat\u00fa\u0161a v Tren\u010dianskej Teplej (mapa).\u00a0Hostina bude pokra\u010dova\u0165 ne\u010faleko v rezorte Twistovo (mapa). Parkovisko je priamo v are\u00e1li. Pred obradom sa streneme na odobierke o 14:00 v Twistove. Autobus pre host\u00ed a Marekov\u00fdch fan\u00fa\u0161ikov z Neporadze vyraz\u00ed cca o 13:15-13:30 od \u017een\u00edchovho domu cez Mote\u0161ice. [&hellip;]<\/p>\n","protected":false},"author":1,"featured_media":0,"parent":0,"menu_order":1,"comment_status":"closed","ping_status":"closed","template":"","meta":{"footnotes":""},"_links":{"self":[{"href":"http:\/\/www.marekamirka.sk\/index.php?rest_route=\/wp\/v2\/pages\/120"}],"collection":[{"href":"http:\/\/www.marekamirka.sk\/index.php?rest_route=\/wp\/v2\/pages"}],"about":[{"href":"http:\/\/www.marekamirka.sk\/index.php?rest_route=\/wp\/v2\/types\/page"}],"author":[{"embeddable":true,"href":"http:\/\/www.marekamirka.sk\/index.php?rest_route=\/wp\/v2\/users\/1"}],"replies":[{"embeddable":true,"href":"http:\/\/www.marekamirka.sk\/index.php?rest_route=%2Fwp%2Fv2%2Fcomments&post=120"}],"version-history":[{"count":9,"href":"http:\/\/www.marekamirka.sk\/index.php?rest_route=\/wp\/v2\/pages\/120\/revisions"}],"predecessor-version":[{"id":170,"href":"http:\/\/www.marekamirka.sk\/index.php?rest_route=\/wp\/v2\/pages\/120\/revisions\/170"}],"wp:attachment":[{"href":"http:\/\/www.marekamirka.sk\/index.php?rest_route=%2Fwp%2Fv2%2Fmedia&parent=120"}],"curies":[{"name":"wp","href":"https:\/\/api.w.org\/{rel}","templated":true}]}}